{"id":2,"date":"2016-05-10T03:48:21","date_gmt":"2016-05-10T03:48:21","guid":{"rendered":"https:\/\/erpepe.com.pl\/?page_id=2"},"modified":"2022-11-08T11:33:45","modified_gmt":"2022-11-08T11:33:45","slug":"sample-page","status":"publish","type":"page","link":"https:\/\/erpepe.com.pl\/","title":{"rendered":"Kompleksowa obs\u0142uga biur &#8211; sprz\u0119t komputerowy i peryferyjny"},"content":{"rendered":"<p>Firma ERPEPE powsta\u0142a w 2005 roku i prowadzi swoj\u0105 dzia\u0142alno\u015b\u0107 do dzisiaj. Wsp\u00f3\u0142pracuje z najwi\u0119kszymi hurtowniami b\u0119d\u0105cymi dystrybutorami i dostawcami technologii i produkt\u00f3w z bran\u017cy IT. W swojej ofercie mamy sprz\u0119t komputerowy, peryferyjny i oprogramowanie \u015bwiatowych, renomowanych firm. Jeste\u015bmy partnerami mi\u0119dzy innymi Lenovo i Microsoft.<\/p>\n<blockquote>\n<p>ERPEPE was founded in 2005 and has been in business ever since. It cooperates with the largest wholesalers who are distributors and suppliers of IT technologies and products. We offer computer hardware, peripheral equipment and software from world renowned companies. We are partners with Lenovo and Microsoft, among others<\/p>\n<\/blockquote>\n<p><strong>Firma ERPEPE zajmuj\u0119 si\u0119 obs\u0142ug\u0105 informatyczn\u0105, doradztwem dotycz\u0105cym rozwi\u0105za\u0144 najbardziej optymalnych dla danej firmy. Obs\u0142uguj\u0105c firm\u0119 zajmujemy si\u0119 zar\u00f3wno zaprojektowaniem i wykonaniem sieci komputerowej, dostarczeniem sprz\u0119tu komputerowego i jego konfiguracj\u0105.<\/strong><\/p>\n<blockquote>\n<p><strong>ERPEPE company also provides IT support, consulting on the most optimal solutions for the company. Serving the company we deal with both the design and implementation of a computer network, delivery of computer equipment and its configuration.<\/strong><\/p>\n<\/blockquote>\n<p>Firma ERPEPE w swojej ofercie ma r\u00f3wnie\u017c sprz\u0119t peryferyjny. Dostarczamy drukarki, urz\u0105dzenia wielofunkcyjne i materia\u0142y eksploatacyjne.<\/p>\n<blockquote>\n<p>ERPEPE company also has peripheral equipment in its offer. We supply printers, multifunction devices and consumables.<\/p>\n<\/blockquote>\n\n\n<figure class=\"wp-block-image size-large is-resized\"><img decoding=\"async\" loading=\"lazy\" src=\"https:\/\/erpepe.com.pl\/wp-content\/uploads\/2022\/11\/ST_baner_1110x297_v3-1024x274.jpg\" alt=\"\" class=\"wp-image-32\" width=\"1110\" height=\"297\" srcset=\"https:\/\/erpepe.com.pl\/wp-content\/uploads\/2022\/11\/ST_baner_1110x297_v3-1024x274.jpg 1024w, https:\/\/erpepe.com.pl\/wp-content\/uploads\/2022\/11\/ST_baner_1110x297_v3-300x80.jpg 300w, https:\/\/erpepe.com.pl\/wp-content\/uploads\/2022\/11\/ST_baner_1110x297_v3-768x205.jpg 768w, https:\/\/erpepe.com.pl\/wp-content\/uploads\/2022\/11\/ST_baner_1110x297_v3.jpg 1110w\" sizes=\"(max-width: 1110px) 100vw, 1110px\" \/><\/figure>\n","protected":false},"excerpt":{"rendered":"<p>Firma ERPEPE powsta\u0142a w 2005 roku i prowadzi swoj\u0105 dzia\u0142alno\u015b\u0107 do dzisiaj. Wsp\u00f3\u0142pracuje z najwi\u0119kszymi hurtowniami b\u0119d\u0105cymi dystrybutorami i dostawcami technologii i produkt\u00f3w z bran\u017cy IT. W swojej ofercie mamy &#8230;<\/p>\n","protected":false},"author":1,"featured_media":0,"parent":0,"menu_order":0,"comment_status":"closed","ping_status":"open","template":"","meta":[],"_links":{"self":[{"href":"https:\/\/erpepe.com.pl\/index.php?rest_route=\/wp\/v2\/pages\/2"}],"collection":[{"href":"https:\/\/erpepe.com.pl\/index.php?rest_route=\/wp\/v2\/pages"}],"about":[{"href":"https:\/\/erpepe.com.pl\/index.php?rest_route=\/wp\/v2\/types\/page"}],"author":[{"embeddable":true,"href":"https:\/\/erpepe.com.pl\/index.php?rest_route=\/wp\/v2\/users\/1"}],"replies":[{"embeddable":true,"href":"https:\/\/erpepe.com.pl\/index.php?rest_route=%2Fwp%2Fv2%2Fcomments&post=2"}],"version-history":[{"count":11,"href":"https:\/\/erpepe.com.pl\/index.php?rest_route=\/wp\/v2\/pages\/2\/revisions"}],"predecessor-version":[{"id":50,"href":"https:\/\/erpepe.com.pl\/index.php?rest_route=\/wp\/v2\/pages\/2\/revisions\/50"}],"wp:attachment":[{"href":"https:\/\/erpepe.com.pl\/index.php?rest_route=%2Fwp%2Fv2%2Fmedia&parent=2"}],"curies":[{"name":"wp","href":"https:\/\/api.w.org\/{rel}","templated":true}]}}